{"id":3,"date":"2020-05-19T17:54:38","date_gmt":"2020-05-19T17:54:38","guid":{"rendered":"http:\/\/alonsoynoeliaonline.com\/?page_id=3"},"modified":"2021-01-20T13:15:54","modified_gmt":"2021-01-20T13:15:54","slug":"privacy-policy","status":"publish","type":"page","link":"https:\/\/alonsoynoeliaonline.com\/en\/privacy-policy\/","title":{"rendered":"Privacy Policy"},"content":{"rendered":"\t\t<div data-elementor-type=\"wp-page\" data-elementor-id=\"3\" class=\"elementor elementor-3\" data-elementor-post-type=\"page\">\n\t\t\t\t<section class=\"elementor-section elementor-top-section elementor-element elementor-element-54e24e7b elementor-section-boxed elementor-section-height-default elementor-section-height-default\" data-id=\"54e24e7b\" data-element_type=\"section\" data-settings=\"{&quot;jet_parallax_layout_list&quot;:[{&quot;jet_parallax_layout_image&quot;:{&quot;url&quot;:&quot;&quot;,&quot;id&quot;:&quot;&quot;,&quot;size&quot;:&quot;&quot;},&quot;_id&quot;:&quot;9b83d47&quot;,&quot;jet_parallax_layout_image_tablet&quot;:{&quot;url&quot;:&quot;&quot;,&quot;id&quot;:&quot;&quot;,&quot;size&quot;:&quot;&quot;},&quot;jet_parallax_layout_image_mobile&quot;:{&quot;url&quot;:&quot;&quot;,&quot;id&quot;:&quot;&quot;,&quot;size&quot;:&quot;&quot;},&quot;jet_parallax_layout_speed&quot;:{&quot;unit&quot;:&quot;%&quot;,&quot;size&quot;:50,&quot;sizes&quot;:[]},&quot;jet_parallax_layout_type&quot;:&quot;scroll&quot;,&quot;jet_parallax_layout_direction&quot;:null,&quot;jet_parallax_layout_fx_direction&quot;:null,&quot;jet_parallax_layout_z_index&quot;:&quot;&quot;,&quot;jet_parallax_layout_bg_x&quot;:50,&quot;jet_parallax_layout_bg_x_tablet&quot;:&quot;&quot;,&quot;jet_parallax_layout_bg_x_mobile&quot;:&quot;&quot;,&quot;jet_parallax_layout_bg_y&quot;:50,&quot;jet_parallax_layout_bg_y_tablet&quot;:&quot;&quot;,&quot;jet_parallax_layout_bg_y_mobile&quot;:&quot;&quot;,&quot;jet_parallax_layout_bg_size&quot;:&quot;auto&quot;,&quot;jet_parallax_layout_bg_size_tablet&quot;:&quot;&quot;,&quot;jet_parallax_layout_bg_size_mobile&quot;:&quot;&quot;,&quot;jet_parallax_layout_animation_prop&quot;:&quot;transform&quot;,&quot;jet_parallax_layout_on&quot;:[&quot;desktop&quot;,&quot;tablet&quot;]}],&quot;background_background&quot;:&quot;classic&quot;}\">\n\t\t\t\t\t\t<div class=\"elementor-container elementor-column-gap-default\">\n\t\t\t\t\t<div class=\"elementor-column elementor-col-100 elementor-top-column elementor-element elementor-element-4c428049\" data-id=\"4c428049\" data-element_type=\"column\">\n\t\t\t<div class=\"elementor-widget-wrap elementor-element-populated\">\n\t\t\t\t\t\t<div class=\"elementor-element elementor-element-4345518e elementor-widget elementor-widget-text-editor\" data-id=\"4345518e\" data-element_type=\"widget\" data-widget_type=\"text-editor.default\">\n\t\t\t\t<div class=\"elementor-widget-container\"><p><strong>Responsable. \u00bfQui\u00e9n es el responsable del tratamiento de sus datos?<\/strong><\/p>\n<p>Responsable: NOELIA OTERO AGUILAR<br \/>CIF: 49567430S<br \/>Dir. Postal: Avd\/Monta\u00f1eses de la Isla 10, San Fernando (C\u00e1diz) 111000<br \/>Tel\u00e9fono: +34 666200632<br \/>E\u00adMail: alonsoynoelia17@gmail.com<\/p>\n<p><br \/><strong>Legitimaci\u00f3n. \u00bfCu\u00e1l es la legitimaci\u00f3n para el tratamiento de sus datos?<\/strong><\/p>\n<p>El tratamiento de los datos personales del interesado se realiza con las siguientes bases jur\u00eddicas que legitiman el mismo:<br \/>\u2022 La solicitud de informaci\u00f3n y\/o la contrataci\u00f3n de los servicios de NOELIA OTERO AGUILAR, cuyos t\u00e9rminos y condiciones se pondr\u00e1n a tu disposici\u00f3n en todo caso, de forma previa a una eventual contrataci\u00f3n.<br \/>\u2022 El consentimiento libre, espec\u00edfico, informado e inequ\u00edvoco, en tanto que te informaremos poniendo a tu disposici\u00f3n la presente pol\u00edtica de privacidad, que, tras la lectura de la misma, en caso de estar conforme, puedes aceptar mediante una declaraci\u00f3n o una clara acci\u00f3n afirmativa, como el marcado de una casilla dispuesta al efecto.<br \/>El tratamiento para realizarle comunicaciones comerciales por correo electr\u00f3nico u otro medio de comunicaci\u00f3n electr\u00f3nica se realizar\u00e1n al amparo del art. 21.2 de la Ley 34\/2002 de servicios de la sociedad de la informaci\u00f3n y comercio electr\u00f3nico que nos permite remitirle comunicaciones comerciales similares o que guarden relaci\u00f3n con el producto o servicio adquirido originalmente, en tanto no manifieste su oposici\u00f3n a dichos env\u00edos (vea el apartado \u201ccu\u00e1les son sus derechos\u201d m\u00e1s abajo).<\/p>\n<p><br \/><strong>Destinatarios. \u00bfA qu\u00e9 destinatarios se comunicar\u00e1n sus datos?<\/strong><\/p>\n<p>Durante el periodo de duraci\u00f3n del tratamiento, NOELIA OTERO AGUILAR no realizar\u00e1 ninguna cesi\u00f3n, salvo obligaci\u00f3n legal, ni tampoco transferencia alguna.<br \/>No obstante, NOELIA OTERO AGUILAR contar\u00e1 con la colaboraci\u00f3n de terceros prestadores de servicios que en cada caso haya podido contratar y que, para la prestaci\u00f3n de dicho servicio, puede ser necesario que tengan acceso a sus datos de car\u00e1cter personal, pero que los tratar\u00e1n con todas las garant\u00edas legales exigibles, siguiendo nuestras instrucciones y previa suscripci\u00f3n de un contrato de protecci\u00f3n de datos en las que exigimos, entre otras, tratar los datos exclusivamente para las finalidades pactadas, aplicar medidas t\u00e9cnicas y organizativas adecuadas, as\u00ed como suprimir y devolver los datos a la finalizaci\u00f3n del servicio.<br \/>Asimismo, utilizamos encargados de tratamiento en recursos software al amparo del acuerdo EU-US Privacy Shield.<br \/>NOELIA OTERO AGUILA sigue unos criterios estrictos de selecci\u00f3n de terceros prestadores de servicios con el fin de dar cumplimiento a nuestras obligaciones y materia de protecci\u00f3n de datos.<\/p>\n<p><br \/><strong>Finalidad. \u00bfCon qu\u00e9 finalidad tratamos sus datos personales?<\/strong><\/p>\n<p>Con el objetivo de seguir las indicaciones del art\u00edculo 5.1 b) del Reglamento (UE), NOELIA OTERO AGUILAR tratar\u00e1 tus datos personales a trav\u00e9s de su p\u00e1gina web, con finalidades determinadas, expl\u00edcitas y leg\u00edtimas, siendo las mismas:<br \/>1. Gestionar el contrato de compraventa y\/o de prestaci\u00f3n de servicios firmado previamente con usted.<br \/>2. Mantener el contacto.<br \/>3. Enviar comunicaciones comerciales por v\u00eda electr\u00f3nica.<\/p>\n<p><strong>\u00bfPor cu\u00e1nto tiempo conservaremos sus datos?<\/strong><\/p>\n<p>Los datos personales proporcionados se conservar\u00e1n mientras se mantenga nuestra relaci\u00f3n comercial y hasta cinco a\u00f1os desde la \u00faltima compraventa o finalizaci\u00f3n de servicio.<\/p>\n<p><br \/><strong>Derechos. \u00bfCu\u00e1les son sus derechos cuando nos facilita sus datos?<\/strong><\/p>\n<p>Cualquier persona tiene derecho a obtener confirmaci\u00f3n sobre si en NOELIA OTERO AGUILAR est\u00e1 tratando datos personales que les conciernan, o no. Las personas interesadas tienen derecho a acceder a sus datos personales, as\u00ed como a solicitar la rectificaci\u00f3n de los datos inexactos o, en su caso, solicitar su supresi\u00f3n cuando, entre otros motivos, los datos ya no sean necesarios para los fines que fueron recogidos. Tiene siempre derecho a ejercer sus derechos de acceso, rectificaci\u00f3n, oposici\u00f3n o cancelaci\u00f3n de los datos personales que nos haya proporcionado, establecidos en la Ley Org\u00e1nica 3\/2018. Puede hacerlo a la siguiente direcci\u00f3n: alonsoynoelia17@gmail.com, o bien, por escrito a su domicilio social sito en Avenida Monta\u00f1eses de la Isla n\u00ba 10B, San Fernando &#8211; 11100, C\u00e1diz. <br \/>NOELIA OTERO AGUILAR informa de que, como prestador de servicio de alojamiento de datos y en virtud de lo establecido en el Reglamento (UE) 2016\/679 del Parlamento Europeo y del Consejo de 27 de abril de 2016 relativo a la protecci\u00f3n de las personas f\u00edsicas en lo que respecta al tratamiento de datos personales y a la libre circulaci\u00f3n de estos datos y por el que se deroga la Directiva 95\/46\/CE y la Ley Org\u00e1nica 3\/2018, de 5 de diciembre, de Protecci\u00f3n de Datos Personales y Garant\u00eda de los Derechos Digitales, el interesado podr\u00e1, en cualquier momento, requerir al responsable del tratamiento informaci\u00f3n relativa al plazo de conservaci\u00f3n de sus datos personales (art\u00edculo 15.1 d) del Reglamento (UE)).<\/p>\n<p>Dicho plazo de conservaci\u00f3n, junto al objeto, la duraci\u00f3n, la finalidad del tratamiento, las obligaciones y derechos del responsable y los tipos de datos personales, figurar\u00e1 en el contrato que estipulen el encargado y el responsable del tratamiento, siendo la finalidad del tratamiento la que marque el plazo de conservaci\u00f3n de los datos personales (art\u00edculo 28.3 g) del Reglamento (UE)).<\/p>\n<p>No obstante, en virtud del art\u00edculo 33.3 de la Ley Org\u00e1nica de Protecci\u00f3n de Datos, el responsable, una vez termine la prestaci\u00f3n de servicios, determinar\u00e1 si los datos de car\u00e1cter personal han de ser destruidos o devueltos al responsable.<\/p>\n<p>Asimismo, le informamos que puede dirigirse a la Agencia Espa\u00f1ola de Protecci\u00f3n de Datos (www.aepd.es) para obtener informaci\u00f3n adicional o para presentar una reclamaci\u00f3n, por ejemplo, si no ha obtenido satisfacci\u00f3n en el ejercicio de tus derechos.<\/p>\n<p>\u201cQuedan reservados, en los t\u00e9rminos previstos en la<br \/>legislaci\u00f3n sobre propiedad intelectual, todos los derechos de los propietarios de<br \/>las obras, interpretaciones o ejecuciones art\u00edsticas, fonogramas, grabaciones<br \/>audiovisuales y emisiones de radiodifusi\u00f3n objeto de esta transmisi\u00f3n. Salvo<br \/>autorizaci\u00f3n, quedan prohibidas, bajo las sanciones previstas en la legislaci\u00f3n civil<br \/>y penal de aplicaci\u00f3n, la reproducci\u00f3n, distribuci\u00f3n (por venta, alquiler, pr\u00e9stamo,<br \/>etc.), ejecuci\u00f3n p\u00fablica, radiodifusi\u00f3n y comunicaci\u00f3n al p\u00fablico, en todas sus<br \/>formas, de esta transmisi\u00f3n y de su contenido.\u201d<\/p><\/div>\n\t\t\t\t<\/div>\n\t\t\t\t\t<\/div>\n\t\t<\/div>\n\t\t\t\t\t<\/div>\n\t\t<\/section>\t\t<\/div>\n\t\t","protected":false},"excerpt":{"rendered":"<p>Responsable. \u00bfQui\u00e9n es el responsable del tratamiento de sus datos? Responsable: NOELIA OTERO AGUILARCIF: 49567430SDir. Postal: Avd\/Monta\u00f1eses de la Isla 10, San Fernando (C\u00e1diz) 111000Tel\u00e9fono: +34 666200632E\u00adMail: alonsoynoelia17@gmail.com Legitimaci\u00f3n. \u00bfCu\u00e1l es la legitimaci\u00f3n para el tratamiento de sus datos? El tratamiento de los datos personales del interesado se realiza con las siguientes bases jur\u00eddicas que [&hellip;]<\/p>\n","protected":false},"author":1,"featured_media":0,"parent":0,"menu_order":0,"comment_status":"closed","ping_status":"open","template":"","meta":{"_joinchat":[],"footnotes":""},"class_list":["post-3","page","type-page","status-publish","hentry","entry","owp-thumbs-layout-horizontal","owp-btn-normal","owp-tabs-layout-horizontal","has-no-thumbnails","has-product-nav"],"_links":{"self":[{"href":"https:\/\/alonsoynoeliaonline.com\/en\/wp-json\/wp\/v2\/pages\/3","targetHints":{"allow":["GET"]}}],"collection":[{"href":"https:\/\/alonsoynoeliaonline.com\/en\/wp-json\/wp\/v2\/pages"}],"about":[{"href":"https:\/\/alonsoynoeliaonline.com\/en\/wp-json\/wp\/v2\/types\/page"}],"author":[{"embeddable":true,"href":"https:\/\/alonsoynoeliaonline.com\/en\/wp-json\/wp\/v2\/users\/1"}],"replies":[{"embeddable":true,"href":"https:\/\/alonsoynoeliaonline.com\/en\/wp-json\/wp\/v2\/comments?post=3"}],"version-history":[{"count":5,"href":"https:\/\/alonsoynoeliaonline.com\/en\/wp-json\/wp\/v2\/pages\/3\/revisions"}],"predecessor-version":[{"id":2379,"href":"https:\/\/alonsoynoeliaonline.com\/en\/wp-json\/wp\/v2\/pages\/3\/revisions\/2379"}],"wp:attachment":[{"href":"https:\/\/alonsoynoeliaonline.com\/en\/wp-json\/wp\/v2\/media?parent=3"}],"curies":[{"name":"wp","href":"https:\/\/api.w.org\/{rel}","templated":true}]}}